{"id":3914,"date":"2026-01-26T13:31:34","date_gmt":"2026-01-26T13:31:34","guid":{"rendered":"https:\/\/www.ruyiscilab.com\/?post_type=product&#038;p=3914"},"modified":"2026-01-26T13:31:34","modified_gmt":"2026-01-26T13:31:34","slug":"ryd-3gw","status":"publish","type":"product","link":"https:\/\/www.ruyiscilab.com\/eo\/varo\/ryd-3gw\/","title":{"rendered":"RYD-3GW"},"content":{"rendered":"<table>\n<tbody>\n<tr>\n<td>Model number<\/td>\n<td>RYD-3GW<\/td>\n<\/tr>\n<tr>\n<td>Maximum temperature<\/td>\n<td>500\u2103<\/td>\n<\/tr>\n<tr>\n<td>Power source<\/td>\n<td>AC220V 50Hz<\/td>\n<\/tr>\n<tr>\n<td>Temperature control range<\/td>\n<td>50\u2103-500\u2103<\/td>\n<\/tr>\n<tr>\n<td>Heating method<\/td>\n<td>Far infrared heating tube<\/td>\n<\/tr>\n<tr>\n<td>Display accuracy<\/td>\n<td>0.1\u2103<\/td>\n<\/tr>\n<tr>\n<td>Display mode<\/td>\n<td>LCD<\/td>\n<\/tr>\n<tr>\n<td>Input power<\/td>\n<td>6000W<\/td>\n<\/tr>\n<tr>\n<td>Heating dimension\uff08mm\uff09<\/td>\n<td>600*400<\/td>\n<\/tr>\n<tr>\n<td>Overall dimension\uff08mm\uff09<\/td>\n<td>560*600*225<\/td>\n<\/tr>\n<tr>\n<td>Package size\uff08mm\uff09<\/td>\n<td>640*725*355<\/td>\n<\/tr>\n<tr>\n<td>Weigh<\/td>\n<td>5kg<\/td>\n<\/tr>\n<tr>\n<td>Gross weight<\/td>\n<td>40kg<\/td>\n<\/tr>\n<tr>\n<td colspan=\"2\">Note: This model has high power and must be directly connected to the air switch<\/td>\n<\/tr>\n<\/tbody>\n<\/table>","protected":false},"excerpt":{"rendered":"<p>\u25c6 La \u015delo de la produkto estas farita el altkvalita malvarme rulita \u015dtala plato per folia metala fabrikado, surfaca \u015dpruciga traktado; la surfaco estas farita el altpuriga grafita plato, kiu multe plibonigas la kontra\u016dkorodan funkcion, povas malhelpi malferman fajron kaj rektan rostadon, sen malferma flamo, sen polvo, rapida varmigo, alta temperaturo-egaleco, sekureco kaj fidindeco.<br \/>\n\u25c6 La uzo de LED-ekrana instrumento, bela kaj ampleksa, preciza temperaturkontrolo, memtesto de PID-parametroj, povas a\u016dtomate agordi la varmigokvanton, alta temperaturkontrola precizeco.<br \/>\n\u25c6 Energiosparo kaj alta efikeco: adoptas unikan varmigan kaj izoligan metodon, plibonigas termikan efikecon, \u015dparas energion kaj protektas la medion.<\/p>","protected":false},"featured_media":3917,"comment_status":"open","ping_status":"closed","template":"","meta":{"_seopress_robots_primary_cat":"","_seopress_titles_title":"","_seopress_titles_desc":"","_seopress_robots_index":"","_uag_custom_page_level_css":"","site-sidebar-layout":"default","site-content-layout":"","ast-site-content-layout":"default","site-content-style":"default","site-sidebar-style":"default","ast-global-header-display":"","ast-banner-title-visibility":"","ast-main-header-display":"","ast-hfb-above-header-display":"","ast-hfb-below-header-display":"","ast-hfb-mobile-header-display":"","site-post-title":"","ast-breadcrumbs-content":"","ast-featured-img":"","footer-sml-layout":"","ast-disable-related-posts":"","theme-transparent-header-meta":"default","adv-header-id-meta":"","stick-header-meta":"default","header-above-stick-meta":"","header-main-stick-meta":"","header-below-stick-meta":"","astra-migrate-meta-layouts":"set","ast-page-background-enabled":"default","ast-page-background-meta":{"desktop":{"background-color":"","background-image":"","background-repeat":"repeat","background-position":"center center","background-size":"auto","background-attachment":"scroll","background-type":"","background-media":"","overlay-type":"","overlay-color":"","overlay-opacity":"","overlay-gradient":""},"tablet":{"background-color":"","background-image":"","background-repeat":"repeat","background-position":"center center","background-size":"auto","background-attachment":"scroll","background-type":"","background-media":"","overlay-type":"","overlay-color":"","overlay-opacity":"","overlay-gradient":""},"mobile":{"background-color":"","background-image":"","background-repeat":"repeat","background-position":"center center","background-size":"auto","background-attachment":"scroll","background-type":"","background-media":"","overlay-type":"","overlay-color":"","overlay-opacity":"","overlay-gradient":""}},"ast-content-background-meta":{"desktop":{"background-color":"var(--ast-global-color-5)","background-image":"","background-repeat":"repeat","background-position":"center center","background-size":"auto","background-attachment":"scroll","background-type":"","background-media":"","overlay-type":"","overlay-color":"","overlay-opacity":"","overlay-gradient":""},"tablet":{"background-color":"var(--ast-global-color-5)","background-image":"","background-repeat":"repeat","background-position":"center center","background-size":"auto","background-attachment":"scroll","background-type":"","background-media":"","overlay-type":"","overlay-color":"","overlay-opacity":"","overlay-gradient":""},"mobile":{"background-color":"var(--ast-global-color-5)","background-image":"","background-repeat":"repeat","background-position":"center center","background-size":"auto","background-attachment":"scroll","background-type":"","background-media":"","overlay-type":"","overlay-color":"","overlay-opacity":"","overlay-gradient":""}}},"product_brand":[],"product_cat":[110],"product_tag":[],"class_list":{"0":"post-3914","1":"product","2":"type-product","3":"status-publish","4":"has-post-thumbnail","6":"product_cat-far-infrared-graphite-electric-heating-plate","7":"desktop-align-left","8":"tablet-align-left","9":"mobile-align-left","10":"ast-product-gallery-layout-horizontal-slider","11":"ast-product-gallery-with-no-image","12":"ast-product-tabs-layout-horizontal","14":"first","15":"instock","16":"shipping-taxable","17":"product-type-simple"},"uagb_featured_image_src":{"full":["https:\/\/www.ruyiscilab.com\/wp-content\/uploads\/2026\/01\/RYD-3GW.jpg",800,800,false],"thumbnail":["https:\/\/www.ruyiscilab.com\/wp-content\/uploads\/2026\/01\/RYD-3GW-150x150.jpg",150,150,true],"medium":["https:\/\/www.ruyiscilab.com\/wp-content\/uploads\/2026\/01\/RYD-3GW-300x300.jpg",300,300,true],"medium_large":["https:\/\/www.ruyiscilab.com\/wp-content\/uploads\/2026\/01\/RYD-3GW-768x768.jpg",768,768,true],"large":["https:\/\/www.ruyiscilab.com\/wp-content\/uploads\/2026\/01\/RYD-3GW.jpg",800,800,false],"1536x1536":["https:\/\/www.ruyiscilab.com\/wp-content\/uploads\/2026\/01\/RYD-3GW.jpg",800,800,false],"2048x2048":["https:\/\/www.ruyiscilab.com\/wp-content\/uploads\/2026\/01\/RYD-3GW.jpg",800,800,false],"trp-custom-language-flag":["https:\/\/www.ruyiscilab.com\/wp-content\/uploads\/2026\/01\/RYD-3GW-12x12.jpg",12,12,true],"woocommerce_thumbnail":["https:\/\/www.ruyiscilab.com\/wp-content\/uploads\/2026\/01\/RYD-3GW-400x400.jpg",400,400,true],"woocommerce_single":["https:\/\/www.ruyiscilab.com\/wp-content\/uploads\/2026\/01\/RYD-3GW-600x600.jpg",600,600,true],"woocommerce_gallery_thumbnail":["https:\/\/www.ruyiscilab.com\/wp-content\/uploads\/2026\/01\/RYD-3GW-100x100.jpg",100,100,true]},"uagb_author_info":{"display_name":"jinxing6611@gmail.com","author_link":"https:\/\/www.ruyiscilab.com\/eo\/author\/"},"uagb_comment_info":0,"uagb_excerpt":"\u25c6 The shell of the product is made of high quality cold rolled steel plate by sheet metal manufacturing, surface spraying process treatment, the surface is made of high purity graphite plate, which greatly improves the anti-corrosion function, can prevent open fire straight roasting, with no open flame, no dust, fast heating, high temperature uniformity&hellip;","_links":{"self":[{"href":"https:\/\/www.ruyiscilab.com\/eo\/wp-json\/wp\/v2\/product\/3914","targetHints":{"allow":["GET"]}}],"collection":[{"href":"https:\/\/www.ruyiscilab.com\/eo\/wp-json\/wp\/v2\/product"}],"about":[{"href":"https:\/\/www.ruyiscilab.com\/eo\/wp-json\/wp\/v2\/types\/product"}],"replies":[{"embeddable":true,"href":"https:\/\/www.ruyiscilab.com\/eo\/wp-json\/wp\/v2\/comments?post=3914"}],"wp:featuredmedia":[{"embeddable":true,"href":"https:\/\/www.ruyiscilab.com\/eo\/wp-json\/wp\/v2\/media\/3917"}],"wp:attachment":[{"href":"https:\/\/www.ruyiscilab.com\/eo\/wp-json\/wp\/v2\/media?parent=3914"}],"wp:term":[{"taxonomy":"product_brand","embeddable":true,"href":"https:\/\/www.ruyiscilab.com\/eo\/wp-json\/wp\/v2\/product_brand?post=3914"},{"taxonomy":"product_cat","embeddable":true,"href":"https:\/\/www.ruyiscilab.com\/eo\/wp-json\/wp\/v2\/product_cat?post=3914"},{"taxonomy":"product_tag","embeddable":true,"href":"https:\/\/www.ruyiscilab.com\/eo\/wp-json\/wp\/v2\/product_tag?post=3914"}],"curies":[{"name":"wp","href":"https:\/\/api.w.org\/{rel}","templated":true}]}}